{"id":1430,"date":"2015-05-11T11:03:32","date_gmt":"2015-05-11T15:03:32","guid":{"rendered":"https:\/\/www.banquesignature.ca\/en\/projets-de-recherche\/"},"modified":"2024-03-08T16:14:12","modified_gmt":"2024-03-08T21:14:12","slug":"projets-de-recherche","status":"publish","type":"page","link":"https:\/\/www.banquesignature.ca\/en\/projets-de-recherche\/","title":{"rendered":"Projects"},"content":{"rendered":"<h2>Projects using the Biobank Signature Data<\/h2><p>Follow the Signature Consortium publications on <a href=\"https:\/\/scholar.google.com\/citations?user=c9i4kxAAAAAJ&amp;hl=fr\">\u00a0Google Scholar<\/a><\/p><hr \/><h4><strong><span class=\"badge \" style=\"background:#dd8808;\">PROJET<\/span><\/strong><\/h4><p><strong>Alliance Sant\u00e9 mentale au Qu\u00e9bec : valorization of data biobank<\/strong><\/p><p>As part of a new collaborative project, the Alliance en sant\u00e9 mentale du Qu\u00e9bec, an organizational infrastructure is being set up between Quebec&#8217;s leading mental health research centers: the Douglas Research Centre (Montreal), the CERVO Centre (Quebec City) and the CR-IUSMM Centre (Montreal). The aim is to combine the strengths and expertise of each institute, and to bring together researchers with similar needs and a desire to share resources and knowledge more easily.<\/p><p>Registration form<\/p><hr \/><h4><strong><span class=\"badge \" style=\"background:#dd8808;\">PROJET<\/span><\/strong><\/h4><p><strong>\u00a0Signatures biologiques nordiques de la r\u00e9ponse au stress et potentialit\u00e9 d&#8217;une di\u00e8te riche en acide gras n-3 pour promouvoir la r\u00e9silience face \u00e0 l&#8217;adversit\u00e9-Volet banque signature.<\/strong><\/p><p><em>Mots cl\u00e9s :<\/em><em>\u00a0<\/em>Mental Health, Sant\u00e9 mentale, blood-brain barrier, barriere hematoencephalique, r\u00e9silience, resilience<\/p><p><strong><span class=\"badge \" style=\"background:#1e73be;\">ARTICLE<\/span> \u00a0<\/strong><strong>L Dion-Albert, A Cadoret, E Doney, FN Kaufmann, KA Dudek, B Daigle, LF Parise, F Cathomas, N Samba, N Hudson, M Lebel, Signature Consortium, M Campbell, G Turecki, N Mechawar, C Menard<\/strong>. <strong><a class=\"gsc_oci_title_link\" href=\"https:\/\/journals.lww.com\/psychosomaticmedicine\/Fulltext\/2022\/01000\/The_Association_of_Childhood_Maltreatment,_Sex,.4.aspx\" data-clk=\"hl=en&amp;sa=T&amp;ei=XTAFYtOPKI_CmgGJ-Kz4Ag\">Vascular and blood-brain barrier-related changes underlie stress responses and resilience in female mice and depression in human tissue<\/a><\/strong>. Nature Com. <b>13<\/b>, 164 <strong>(2022)<\/strong><\/p><hr \/><h4><strong><span class=\"badge \" style=\"background:#dd8808;\">PROJET<\/span><\/strong><\/h4><p><strong>\u00a0<\/strong><strong>The DSM5\/RDoC Debate on the Future of Mental Health Research: Implication for Studies on Human Stress and Presentation of the Signature Biobank<\/strong><\/p><p><em>Mots cl\u00e9s :<\/em>Mental Health, DSM5, rDOC, biological signature, Dimensions, Developmental Psychopathology, Development, Environment<br \/>S.J. Lupien, M. Sasseville, N. Fran\u00e7ois, C.E. Gigu\u00e8re, J. Boissonneault, P. Plusquellec, R. Godbout, L. Xiong, S. Potvin, E. Kouassi, A. Lesage<\/p><p><strong><span class=\"badge \" style=\"background:#82C46C;\">ARTICLE<\/span>\u00a0 The Signature Biobank: A Longitudinal Biopsychosocial Repository of Psychiatric Emergency Patient. <\/strong>Philippe Kerr-Beauchamp, St\u00e9phane Guay, Robert-Paul Juster &amp; Consortium Signature<strong>.&#8211;&gt; <\/strong><em><a href=\"https:\/\/www.sciencedirect.com\/science\/article\/pii\/S0165178124000052\">Psychiatry Research<\/a><\/em><strong> (2024)<\/strong><\/p><p><strong><span class=\"badge \" style=\"background:#82C46C;\">ARTICLE<\/span>\u00a0 Biobanque Signature : Origines et perspectives d\u2019un projet<br \/>longitudinal \u00e9valuant les signatures biologiques, psychologiques et sociales des patients visitant les urgences de l\u2019Institut Universitaire en Sant\u00e9 Mentale de Montr\u00e9al. <\/strong>Enzo Cipriani, Philippe Kerr-Beauchamp, C\u00e9cile Le Page, Charles-Edouard Gigu\u00e8re, St\u00e9phane Guay, Robert-Paul Juster &amp; Consortium Signature<strong>.&#8211;&gt;SMQ Article en r\u00e9vision<\/strong><\/p><p><strong><span class=\"badge \" style=\"background:#1e73be;\">ARTICLE<\/span> \u00a0Lupien, M. Sasseville, N. Fran\u00e7ois, C.E. Gigu\u00e8re, J. Boissonneault, P. Plusquellec, R. Godbout, L. Xiong, S. Potvin, E. Kouassi, A. Lesage &amp; the Signature Consortium\u00a0 \u00a0<a href=\"http:\/\/www.tandfonline.com\/doi\/abs\/10.1080\/10253890.2017.1286324?needAccess=true&amp;journalCode=ists20\">The DSM5\/RDoC Debate on the Future of Mental Health Research: Implication for Studies on Human Stress and Presentation of the Signature Bank.<\/a> <em>Stress<\/em>. (2017)<\/strong><\/p><p><strong><span class=\"badge \" style=\"background:#1e73be;\">ARTICLE<\/span>\u00a0 <a href=\"https:\/\/journals.sagepub.com\/doi\/full\/10.1177\/07067437211018793\">Psychosocial profiles of patients admitted to psychiatric emergency services: Results from the Signature Biobank project<\/a>.<\/strong> Geoffrion, S., Nolet, K., Gigu\u00e8re, C.-E., Lecomte, T., Potvin, S., Lupien, S., &amp; Marin, M.-F<strong>. <\/strong><em>Canadian Journal of Psychiatry. <\/em>May;67(5):380-390 <strong>(2022)<\/strong><\/p><p style=\"padding-left: 60px;\">\u00a0<\/p><hr \/><h4><strong><span class=\"badge \" style=\"background:#dd8808;\">PROJET<\/span> <\/strong><strong>Validation de la version fran\u00e7aise du Drug Abuse Screening Test \u00e0 l&#8217;aide des donn\u00e9es de la Biobanque Signature<\/strong><\/h4><p><em>Mots cl\u00e9s :Abus de substance,\u00a0Validation,\u00a0DAST,\u00a0Psychom\u00e9trie,\u00a0Analyses factorielles<\/em><strong><br \/><\/strong>St\u00e9phane Potvin &amp; Charles-\u00c9douard Gigu\u00e8re<\/p><p><span class=\"badge \" style=\"background:#1e73be;\">ARTICLE<\/span>\u00a0<strong>Gigu\u00e8re, C-\u00c9., Potvin S. &amp; Consortium Signature <a href=\"http:\/\/www.sciencedirect.com\/science\/article\/pii\/S0306460316303239\">The Drug Abuse Screening Test preserves its excellent psychometric properties in psychiatric patients evaluated in an emergency setting<\/a>. <em>Addictive Behaviors (2016). <\/em><\/strong><\/p><hr \/><h4><strong><span class=\"badge \" style=\"background:#dd8808;\">PROJET<\/span> <\/strong><strong> \u00c9tude de validation de l&#8217;\u00e9chelle Brown-Goodwin (agressivit\u00e9) en contexte psychiatrique<\/strong><\/h4><p><em>Mots cl\u00e9s :\u00a0Agressivit\u00e9, Troubles mentaux, Risque de violence, Prise en charge, Validation<\/em><br \/><em>Alexandre Dumais, St\u00e9phane Potvin &amp; Charles-\u00c9douard Gigu\u00e8re<\/em><\/p><p><strong><span class=\"badge \" style=\"background:#1e73be;\">ARTICLE<\/span> \u00a0 L. Dellazizzo, S. Potvin, C-\u00c9. Gigu\u00e8re, M. Berwalda, J. R. Dugr\u00e9, A. Dumais, The Signature Consortium (2017).\u00a0 <a href=\"http:\/\/www.iusmm.ca\/recherche\/chaires-centres-et-projets\/signature\/10.1016\/j.psychres.2017.08.031\">The psychometric properties of the Life History of Aggression evaluated in patients from a psychiatric emergency setting. Psychiatry Research<\/a>,\u00a0 257 (2017) 485\u2013489.<\/strong><\/p><hr \/><h4><strong><span class=\"badge \" style=\"background:#dd8808;\">PROJET<\/span><\/strong><strong> Traumatismes pr\u00e9coces, r\u00e9ponses immunitaires et pr\u00e9dispositions g\u00e9n\u00e9tiques chez l\u2019adulte admis \u00e0 l\u2019urgence psychiatrique pour d\u00e9pression avec ou sans comportements suicidaires<br \/><\/strong><\/h4><p><em>Mots cl\u00e9s :\u00a0D\u00e9pression, Traumatismes pr\u00e9coces, R\u00e9ponses immunitaires, Conduites suicidaires, \u00a0Adultes<\/em><br \/>R\u00e9al Labelle, Edouard Kouassi, Lan Xiong, Pascale Abadie, Val\u00e9rie Tourjman, St\u00e9phane Potvin, Louise Rousseau &amp; Sonia Lupien<\/p><p><strong><span class=\"badge \" style=\"background:#bbae98;\">PR\u00c9SENTATION<\/span> \u00a0E. Kouassi, R. Labelle, C-E. Gigu\u00e8re, S. Lupien &amp; Consortium Signature (2016). <a href=\"https:\/\/www.researchgate.net\/publication\/311618227_Environmental_Conditions_and_Biological_Profile_of_Patients_with_Major_Depressive_Disorder_with_or_without_Suicidal_Behavior\">Environmental conditions and biological profile of patients with major depressive disorder with or without suicidal behavior<\/a>. 4<em>th International One Health Congress &amp; 6th Biennial Congress of the International Association for Ecology &amp; Health,<\/em> Melbourne Australia. December 3 &#8211; 7, 2016<\/strong><\/p><hr \/><h4><strong><span class=\"badge \" style=\"background:#dd8808;\">PROJET<\/span><\/strong><strong> Epigenetic mediation of change in psychiatric disorders: a pilot study starring the Signature biobank.<br \/><\/strong><\/h4><p><em>Mots cl\u00e9s :\u00a0M\u00e9thylation, Diff\u00e9rences intra-individuelles, Troubles psychotiques, Devis longitudinal, Exp\u00e9riences d&#8217;abus<\/em><br \/>Isabelle Ouellet-Morin, Nadine Proven\u00e7al, Val\u00e9rie Tourjman, Olivier Lipp, &amp; Sonia Lupien<\/p><p><strong><span class=\"badge \" style=\"background:#bbae98;\">PR\u00c9SENTATION<\/span> Provencal, N., Signature Biobank, C., &amp; Ouellet-Morin, I. (2017). <a href=\"http:\/\/www.biologicalpsychiatryjournal.com\/article\/S0006-3223(17)30763-1\/pdf\">Epigenetic Mediation of Temporal Changes in Psychiatric Symptoms: A Pilot Study.<\/a> Biological Psychiatry 81(10, Supplement), S370.<\/strong><\/p><hr \/><h4><strong><span class=\"badge \" style=\"background:#dd8808;\">PROJET<\/span>\u00a0<\/strong>Abus \u00e0 l\u2019enfance et trajectoires de comportements externalis\u00e9s chez des patients admis en urgence psychiatrique : exploration de la signature biopsychosociale<\/h4><p><em>Mots cl\u00e9s :\u00a0Childhood abuse, Externalizing behaviors, Trajectories, Sex differences, biopsychosocial signature<br \/><\/em>Steve Goeffrion, Marie-France Marin, Tania Lecomte, Alexandre Dumais, St\u00e9phane Potvin et Sonia Lupien<\/p><p><b><strong><span class=\"badge \" style=\"background:#bbae98;\">PR\u00c9SENTATION<\/span> <\/strong>Steve Geoffrion, Marie-France Marin &amp; The Signature consortium (2<\/b><strong>017). <a href=\"https:\/\/www.researchgate.net\/publication\/320870776_Childhood_abuse_and_trajectories_of_externalizing_behaviors_among_individuals_presenting_at_a_psychiatric_emergency_service_exploring_the_biopsychosocial_signature\">Child abuse and trajectories of externalizing behaviors among psychiatric emergency patients: Exploring their biopsychosocial signature<\/a> , At: Chicago, Conference: 33rd annual meeting of the International Society for Traumatic Stress Studies, novembre 2017<\/strong><\/p><hr \/><h4><strong><span class=\"badge \" style=\"background:#dd8808;\">PROJET<\/span><\/strong><strong> How are comorbidities in schizophrenia linked to release from hospital and social functioning?<br \/><\/strong><\/h4><p><em>Mots cl\u00e9s :\u00a0Comorbidit\u00e9s, Schizophr\u00e9nie, Dur\u00e9e de traitement, Hospitalisation, Fonctionnement<br \/><\/em>Tania Lecomte &amp; St\u00e9phane Potvin<br \/>&#8211;&gt; Article soumis<\/p><hr \/><h4><strong><span class=\"badge \" style=\"background:#dd8808;\">PROJET<\/span>\u00a0<\/strong><strong>\u00c9tude de validation de l&#8217;UPPS (\u00a0Impulsive Behavior Scale) en contexte psychiatrique<\/strong><\/h4><p><em>Mots cl\u00e9s : Impulsivit\u00e9, Urgence psychiatrique, Validation, \u00c9valuation, Traitement<\/em><br \/>Alexandre Dumais, St\u00e9phane Potvin &amp; Charles-\u00c9douard Gigu\u00e8re<br \/>&#8211;&gt; Article soumis<\/p><hr \/><h4><strong><span class=\"badge \" style=\"background:#dd8808;\">PROJET<\/span>\u00a0<\/strong>Mesures de stress chronique chez des patients admis \u00e0 l&#8217;urgence psychiatrique<\/h4><p><em>Mots cl\u00e9s : Stress, Urgence, Cortisol, D\u00e9pression, Schizophr\u00e9nie<br \/><\/em>Sonia Lupien &amp; Marc Sasseville<br \/>&#8211;&gt;Analyses en cours<\/p><hr \/><h4><strong><span class=\"badge \" style=\"background:#dd8808;\">PROJET<\/span>\u00a0<\/strong>Le stress chronique et les rechutes des troubles psychiatriques.<\/h4><p><em>Mots cl\u00e9s : Stress, Urgence, Cortisol, Hospitalisation, Rechute<br \/><\/em>Fernando Corbolan &amp; Sonia Lupien<br \/>&#8211;&gt;Analyses en cours<\/p><hr \/><h4><strong><span class=\"badge \" style=\"background:#dd8808;\">PROJET<\/span>\u00a0<\/strong><strong> Syndrome m\u00e9tabolique et troubles du sommeil dans la schizophr\u00e9nie : un projet pilote bas\u00e9 sur les donn\u00e9es de la Banque Signature.<br \/><\/strong><\/h4><p><em>Mots cl\u00e9s :\u00a0Schizophr\u00e9nie, Syndrome m\u00e9tabolique, Sommeil, Endocannabino\u00efdes, Projet pilote<br \/><\/em>Roger Godbout &amp; St\u00e9phane Potvin<br \/>&#8211;&gt;Analyses en cours<\/p><hr \/><h4><strong><span class=\"badge \" style=\"background:#dd8808;\">PROJET<\/span><\/strong><strong>\u00a0Validation du questionnaire sur le sommeil de la Banque Signature<\/strong><\/h4><p><em>Mots cl\u00e9s : Validation,\u00a0Questionnaire,\u00a0Sommeil,\u00a0Banque Signature,\u00a0Diagnostic<\/em><br \/>Roger Godbout,\u00a0Marjolaine Chicoine\u00a0&amp; Charles-\u00c9douard Gigu\u00e8re<br \/>&#8211;&gt; Analyses en cours<\/p><hr \/><h4><strong><span class=\"badge \" style=\"background:#dd8808;\">PROJET<\/span>\u00a0<\/strong><strong>Validation du WHODAS-2.0 abr\u00e9g\u00e9 (12 items) \u00e0 l&#8217;aide des donn\u00e9es de la Banque Signature<\/strong><\/h4><p><em>Mots cl\u00e9s :Validation, \u00a0WHODAS,\u00a0Fonctionnement,\u00a0PHQ-9,\u00a0D\u00e9pression<\/em><br \/>R\u00e9al Labelle &amp; Charles-\u00c9douard Gigu\u00e8re<br \/>&#8211;&gt; Analyses en cours<\/p><hr \/><h4><strong>\u00a0<\/strong><strong><span class=\"badge \" style=\"background:#dd8808;\">PROJET<\/span><\/strong><strong>\u00a0Validation du cadre d&#8217;\u00e9chantillonnage de la Banque Signature selon les exp\u00e9riences nocives v\u00e9cues dans l&#8217;enfance<\/strong><\/h4><p><em>Mots cl\u00e9s : Validation,\u00a0\u00a0Exp\u00e9riences nocives dans l&#8217;enfance,\u00a0Biais de Berkson,\u00a0Utilisation des services,\u00a0\u00a0\u00c9pid\u00e9miologie<\/em><br \/>Vincent Lalibert\u00e9, Alain Lesage &amp; Charles-\u00c9douard Gigu\u00e8re<br \/>&#8211;&gt; Analyses en cours<\/p><hr \/><h4><strong><span class=\"badge \" style=\"background:#dd8808;\">PROJET<\/span>\u00a0<\/strong><strong>D\u00e9r\u00e8glement du tissu adipeux chez les patients atteint d\u2019un premier \u00e9pisode psychotique<br \/><\/strong><\/h4><p><em>Mots cl\u00e9s : Psychosis-spectrum disorders, Psychosocial adversity, Adipokines, Psycho\u00adneuro\u00adendocrinology, Adipose tissue dysregulation<br \/><\/em>Ashok Malla, Srividya Iyer,\u00a0Ridha Jooober,\u00a0Franz Veru<br \/>&#8211;&gt; Analyses en cours<\/p>","protected":false},"excerpt":{"rendered":"<p>Projects using the Biobank Signature DataFollow the Signature Consortium publications on \u00a0Google ScholarAlliance Sant\u00e9 mentale au Qu\u00e9bec : valorization of data biobankAs part of a new collaborative project, the Alliance en sant\u00e9 mentale du Qu\u00e9bec, an organizational infrastructure is being set up between Quebec&#8217;s leading mental health research centers: the Douglas Research Centre (Montreal), the [&hellip;]<\/p>\n","protected":false},"author":677,"featured_media":0,"parent":0,"menu_order":0,"comment_status":"closed","ping_status":"closed","template":"","meta":{"_acf_changed":false,"footnotes":""},"class_list":["post-1430","page","type-page","status-publish","hentry"],"acf":[],"yoast_head":"<!-- This site is optimized with the Yoast SEO plugin v27.3 - https:\/\/yoast.com\/product\/yoast-seo-wordpress\/ -->\n<title>Projects - Banque Signature<\/title>\n<meta name=\"robots\" content=\"index, follow, max-snippet:-1, max-image-preview:large, max-video-preview:-1\" \/>\n<link rel=\"canonical\" href=\"https:\/\/www.banquesignature.ca\/en\/projets-de-recherche\/\" \/>\n<meta property=\"og:locale\" content=\"en_US\" \/>\n<meta property=\"og:type\" content=\"article\" \/>\n<meta property=\"og:title\" content=\"Projects - Banque Signature\" \/>\n<meta property=\"og:description\" content=\"Projects using the Biobank Signature DataFollow the Signature Consortium publications on \u00a0Google ScholarAlliance Sant\u00e9 mentale au Qu\u00e9bec : valorization of data biobankAs part of a new collaborative project, the Alliance en sant\u00e9 mentale du Qu\u00e9bec, an organizational infrastructure is being set up between Quebec&#8217;s leading mental health research centers: the Douglas Research Centre (Montreal), the [&hellip;]\" \/>\n<meta property=\"og:url\" content=\"https:\/\/www.banquesignature.ca\/en\/projets-de-recherche\/\" \/>\n<meta property=\"og:site_name\" content=\"Banque Signature\" \/>\n<meta property=\"article:modified_time\" content=\"2024-03-08T21:14:12+00:00\" \/>\n<meta name=\"twitter:label1\" content=\"Est. reading time\" \/>\n\t<meta name=\"twitter:data1\" content=\"6 minutes\" \/>\n<script type=\"application\/ld+json\" class=\"yoast-schema-graph\">{\"@context\":\"https:\\\/\\\/schema.org\",\"@graph\":[{\"@type\":\"WebPage\",\"@id\":\"https:\\\/\\\/www.banquesignature.ca\\\/en\\\/projets-de-recherche\\\/\",\"url\":\"https:\\\/\\\/www.banquesignature.ca\\\/en\\\/projets-de-recherche\\\/\",\"name\":\"Projects - Banque Signature\",\"isPartOf\":{\"@id\":\"https:\\\/\\\/www.banquesignature.ca\\\/#website\"},\"datePublished\":\"2015-05-11T15:03:32+00:00\",\"dateModified\":\"2024-03-08T21:14:12+00:00\",\"breadcrumb\":{\"@id\":\"https:\\\/\\\/www.banquesignature.ca\\\/en\\\/projets-de-recherche\\\/#breadcrumb\"},\"inLanguage\":\"en-US\",\"potentialAction\":[{\"@type\":\"ReadAction\",\"target\":[\"https:\\\/\\\/www.banquesignature.ca\\\/en\\\/projets-de-recherche\\\/\"]}]},{\"@type\":\"BreadcrumbList\",\"@id\":\"https:\\\/\\\/www.banquesignature.ca\\\/en\\\/projets-de-recherche\\\/#breadcrumb\",\"itemListElement\":[{\"@type\":\"ListItem\",\"position\":1,\"name\":\"Home\",\"item\":\"https:\\\/\\\/www.banquesignature.ca\\\/en\\\/\"},{\"@type\":\"ListItem\",\"position\":2,\"name\":\"Projects\"}]},{\"@type\":\"WebSite\",\"@id\":\"https:\\\/\\\/www.banquesignature.ca\\\/#website\",\"url\":\"https:\\\/\\\/www.banquesignature.ca\\\/\",\"name\":\"Banque Signature\",\"description\":\"\",\"potentialAction\":[{\"@type\":\"SearchAction\",\"target\":{\"@type\":\"EntryPoint\",\"urlTemplate\":\"https:\\\/\\\/www.banquesignature.ca\\\/?s={search_term_string}\"},\"query-input\":{\"@type\":\"PropertyValueSpecification\",\"valueRequired\":true,\"valueName\":\"search_term_string\"}}],\"inLanguage\":\"en-US\"}]}<\/script>\n<!-- \/ Yoast SEO plugin. -->","yoast_head_json":{"title":"Projects - Banque Signature","robots":{"index":"index","follow":"follow","max-snippet":"max-snippet:-1","max-image-preview":"max-image-preview:large","max-video-preview":"max-video-preview:-1"},"canonical":"https:\/\/www.banquesignature.ca\/en\/projets-de-recherche\/","og_locale":"en_US","og_type":"article","og_title":"Projects - Banque Signature","og_description":"Projects using the Biobank Signature DataFollow the Signature Consortium publications on \u00a0Google ScholarAlliance Sant\u00e9 mentale au Qu\u00e9bec : valorization of data biobankAs part of a new collaborative project, the Alliance en sant\u00e9 mentale du Qu\u00e9bec, an organizational infrastructure is being set up between Quebec&#8217;s leading mental health research centers: the Douglas Research Centre (Montreal), the [&hellip;]","og_url":"https:\/\/www.banquesignature.ca\/en\/projets-de-recherche\/","og_site_name":"Banque Signature","article_modified_time":"2024-03-08T21:14:12+00:00","twitter_misc":{"Est. reading time":"6 minutes"},"schema":{"@context":"https:\/\/schema.org","@graph":[{"@type":"WebPage","@id":"https:\/\/www.banquesignature.ca\/en\/projets-de-recherche\/","url":"https:\/\/www.banquesignature.ca\/en\/projets-de-recherche\/","name":"Projects - Banque Signature","isPartOf":{"@id":"https:\/\/www.banquesignature.ca\/#website"},"datePublished":"2015-05-11T15:03:32+00:00","dateModified":"2024-03-08T21:14:12+00:00","breadcrumb":{"@id":"https:\/\/www.banquesignature.ca\/en\/projets-de-recherche\/#breadcrumb"},"inLanguage":"en-US","potentialAction":[{"@type":"ReadAction","target":["https:\/\/www.banquesignature.ca\/en\/projets-de-recherche\/"]}]},{"@type":"BreadcrumbList","@id":"https:\/\/www.banquesignature.ca\/en\/projets-de-recherche\/#breadcrumb","itemListElement":[{"@type":"ListItem","position":1,"name":"Home","item":"https:\/\/www.banquesignature.ca\/en\/"},{"@type":"ListItem","position":2,"name":"Projects"}]},{"@type":"WebSite","@id":"https:\/\/www.banquesignature.ca\/#website","url":"https:\/\/www.banquesignature.ca\/","name":"Banque Signature","description":"","potentialAction":[{"@type":"SearchAction","target":{"@type":"EntryPoint","urlTemplate":"https:\/\/www.banquesignature.ca\/?s={search_term_string}"},"query-input":{"@type":"PropertyValueSpecification","valueRequired":true,"valueName":"search_term_string"}}],"inLanguage":"en-US"}]}},"_links":{"self":[{"href":"https:\/\/www.banquesignature.ca\/en\/wp-json\/wp\/v2\/pages\/1430","targetHints":{"allow":["GET"]}}],"collection":[{"href":"https:\/\/www.banquesignature.ca\/en\/wp-json\/wp\/v2\/pages"}],"about":[{"href":"https:\/\/www.banquesignature.ca\/en\/wp-json\/wp\/v2\/types\/page"}],"author":[{"embeddable":true,"href":"https:\/\/www.banquesignature.ca\/en\/wp-json\/wp\/v2\/users\/677"}],"replies":[{"embeddable":true,"href":"https:\/\/www.banquesignature.ca\/en\/wp-json\/wp\/v2\/comments?post=1430"}],"version-history":[{"count":25,"href":"https:\/\/www.banquesignature.ca\/en\/wp-json\/wp\/v2\/pages\/1430\/revisions"}],"predecessor-version":[{"id":2596,"href":"https:\/\/www.banquesignature.ca\/en\/wp-json\/wp\/v2\/pages\/1430\/revisions\/2596"}],"wp:attachment":[{"href":"https:\/\/www.banquesignature.ca\/en\/wp-json\/wp\/v2\/media?parent=1430"}],"curies":[{"name":"wp","href":"https:\/\/api.w.org\/{rel}","templated":true}]}}