{"id":2575,"date":"2024-03-04T14:17:57","date_gmt":"2024-03-04T19:17:57","guid":{"rendered":"https:\/\/www.banquesignature.ca\/?page_id=2575"},"modified":"2025-07-10T13:57:54","modified_gmt":"2025-07-10T17:57:54","slug":"signature-consortium","status":"publish","type":"page","link":"https:\/\/www.banquesignature.ca\/en\/signature-consortium\/","title":{"rendered":"Signature Consortium"},"content":{"rendered":"<p>The Signature Biobank is the result of the work of a very large group of the researchers and clinicians who participated in its creation in 2012, and named Signature Consortium. Since then, new members have joined the &#8220;Signature Consortium&#8221; to maintain this resource and develop its research support mandate.<\/p><p>Leader:\u00a0 Robert-Paul Juster, Ph.D.<\/p><p>Management committee: Robert-Paul Juster (director), Charles-Edouard Gigu\u00e8re (statistician), Janick Boissonneault (infrastructure manager), C\u00e9cile Le Page (coordinator), Enzo Cipriani (student), Alexandre Hudon (MD), Clara Morin (student).<\/p><p><strong>Additionnal members of the consortium:<\/strong><\/p><p>B\u00c9RUB\u00c9\u00a0 F\u00e9lix-Antoine; BRIAND Catherine; CAILHOL Lionel; DAVID Pierre; DUCHARME Simon; DUMAIS Alexandre; FINDLAY Helen; GEOFFRION, Steve; GUAY St\u00e9phane; KERR Philippe; LABELLE R\u00e9al ; LAVOIE Marc; LEMIRE Myriam; L\u00c9OUFFRE Pierre; LESAGE Alain; LIPP\u00a0 Olivier; LUPIEN\u00a0 Sonia; MARIN Marie-France; MARULLO\u00a0 Carolle; MELUN\u00a0 Jean-Pierre; MENARD Caroline; NO\u00cbL\u00a0 Fran\u00e7ois; PINARD Georges F. ; PLUSQUELLEC\u00a0 Pierrich; POTVIN\u00a0 St\u00e9phane; ROMAIN Ahmed-Jerome; ROUSSEAU Katerine; SASSEVILLE\u00a0 Marc; STIP\u00a0 Emmanuel; ST-LAURENT Daniel; TODOROV\u00a0 Christo; TOURJMAN\u00a0 Val\u00e9rie; TRUDEL-FITGERALD Claudia; ULYSSE\u00a0 Fran\u00e7oise Martha; ZIEGENHORN Andreas; Taschereau-Dumouchel Vincent.<\/p><p><a href=\"https:\/\/www.banquesignature.ca\/wp-content\/uploads\/2022\/12\/liste-concortium-2019-et-avant.pdf\">Previous membe<\/a>rs (until 2022)<\/p>","protected":false},"excerpt":{"rendered":"<p>The Signature Biobank is the result of the work of a very large group of the researchers and clinicians who participated in its creation in 2012, and named Signature Consortium. Since then, new members have joined the &#8220;Signature Consortium&#8221; to maintain this resource and develop its research support mandate.Leader:\u00a0 Robert-Paul Juster, Ph.D.Management committee: Robert-Paul Juster [&hellip;]<\/p>\n","protected":false},"author":677,"featured_media":0,"parent":0,"menu_order":0,"comment_status":"closed","ping_status":"closed","template":"","meta":{"_acf_changed":false,"footnotes":""},"class_list":["post-2575","page","type-page","status-publish","hentry"],"acf":[],"yoast_head":"<!-- This site is optimized with the Yoast SEO plugin v27.3 - https:\/\/yoast.com\/product\/yoast-seo-wordpress\/ -->\n<title>Signature Consortium - Banque Signature<\/title>\n<meta name=\"robots\" content=\"index, follow, max-snippet:-1, max-image-preview:large, max-video-preview:-1\" \/>\n<link rel=\"canonical\" href=\"https:\/\/www.banquesignature.ca\/en\/signature-consortium\/\" \/>\n<meta property=\"og:locale\" content=\"en_US\" \/>\n<meta property=\"og:type\" content=\"article\" \/>\n<meta property=\"og:title\" content=\"Signature Consortium - Banque Signature\" \/>\n<meta property=\"og:description\" content=\"The Signature Biobank is the result of the work of a very large group of the researchers and clinicians who participated in its creation in 2012, and named Signature Consortium. Since then, new members have joined the &#8220;Signature Consortium&#8221; to maintain this resource and develop its research support mandate.Leader:\u00a0 Robert-Paul Juster, Ph.D.Management committee: Robert-Paul Juster [&hellip;]\" \/>\n<meta property=\"og:url\" content=\"https:\/\/www.banquesignature.ca\/en\/signature-consortium\/\" \/>\n<meta property=\"og:site_name\" content=\"Banque Signature\" \/>\n<meta property=\"article:modified_time\" content=\"2025-07-10T17:57:54+00:00\" \/>\n<meta name=\"twitter:label1\" content=\"Est. reading time\" \/>\n\t<meta name=\"twitter:data1\" content=\"1 minute\" \/>\n<script type=\"application\/ld+json\" class=\"yoast-schema-graph\">{\"@context\":\"https:\\\/\\\/schema.org\",\"@graph\":[{\"@type\":\"WebPage\",\"@id\":\"https:\\\/\\\/www.banquesignature.ca\\\/en\\\/signature-consortium\\\/\",\"url\":\"https:\\\/\\\/www.banquesignature.ca\\\/en\\\/signature-consortium\\\/\",\"name\":\"Signature Consortium - Banque Signature\",\"isPartOf\":{\"@id\":\"https:\\\/\\\/www.banquesignature.ca\\\/#website\"},\"datePublished\":\"2024-03-04T19:17:57+00:00\",\"dateModified\":\"2025-07-10T17:57:54+00:00\",\"breadcrumb\":{\"@id\":\"https:\\\/\\\/www.banquesignature.ca\\\/en\\\/signature-consortium\\\/#breadcrumb\"},\"inLanguage\":\"en-US\",\"potentialAction\":[{\"@type\":\"ReadAction\",\"target\":[\"https:\\\/\\\/www.banquesignature.ca\\\/en\\\/signature-consortium\\\/\"]}]},{\"@type\":\"BreadcrumbList\",\"@id\":\"https:\\\/\\\/www.banquesignature.ca\\\/en\\\/signature-consortium\\\/#breadcrumb\",\"itemListElement\":[{\"@type\":\"ListItem\",\"position\":1,\"name\":\"Home\",\"item\":\"https:\\\/\\\/www.banquesignature.ca\\\/en\\\/\"},{\"@type\":\"ListItem\",\"position\":2,\"name\":\"Signature Consortium\"}]},{\"@type\":\"WebSite\",\"@id\":\"https:\\\/\\\/www.banquesignature.ca\\\/#website\",\"url\":\"https:\\\/\\\/www.banquesignature.ca\\\/\",\"name\":\"Banque Signature\",\"description\":\"\",\"potentialAction\":[{\"@type\":\"SearchAction\",\"target\":{\"@type\":\"EntryPoint\",\"urlTemplate\":\"https:\\\/\\\/www.banquesignature.ca\\\/?s={search_term_string}\"},\"query-input\":{\"@type\":\"PropertyValueSpecification\",\"valueRequired\":true,\"valueName\":\"search_term_string\"}}],\"inLanguage\":\"en-US\"}]}<\/script>\n<!-- \/ Yoast SEO plugin. -->","yoast_head_json":{"title":"Signature Consortium - Banque Signature","robots":{"index":"index","follow":"follow","max-snippet":"max-snippet:-1","max-image-preview":"max-image-preview:large","max-video-preview":"max-video-preview:-1"},"canonical":"https:\/\/www.banquesignature.ca\/en\/signature-consortium\/","og_locale":"en_US","og_type":"article","og_title":"Signature Consortium - Banque Signature","og_description":"The Signature Biobank is the result of the work of a very large group of the researchers and clinicians who participated in its creation in 2012, and named Signature Consortium. Since then, new members have joined the &#8220;Signature Consortium&#8221; to maintain this resource and develop its research support mandate.Leader:\u00a0 Robert-Paul Juster, Ph.D.Management committee: Robert-Paul Juster [&hellip;]","og_url":"https:\/\/www.banquesignature.ca\/en\/signature-consortium\/","og_site_name":"Banque Signature","article_modified_time":"2025-07-10T17:57:54+00:00","twitter_misc":{"Est. reading time":"1 minute"},"schema":{"@context":"https:\/\/schema.org","@graph":[{"@type":"WebPage","@id":"https:\/\/www.banquesignature.ca\/en\/signature-consortium\/","url":"https:\/\/www.banquesignature.ca\/en\/signature-consortium\/","name":"Signature Consortium - Banque Signature","isPartOf":{"@id":"https:\/\/www.banquesignature.ca\/#website"},"datePublished":"2024-03-04T19:17:57+00:00","dateModified":"2025-07-10T17:57:54+00:00","breadcrumb":{"@id":"https:\/\/www.banquesignature.ca\/en\/signature-consortium\/#breadcrumb"},"inLanguage":"en-US","potentialAction":[{"@type":"ReadAction","target":["https:\/\/www.banquesignature.ca\/en\/signature-consortium\/"]}]},{"@type":"BreadcrumbList","@id":"https:\/\/www.banquesignature.ca\/en\/signature-consortium\/#breadcrumb","itemListElement":[{"@type":"ListItem","position":1,"name":"Home","item":"https:\/\/www.banquesignature.ca\/en\/"},{"@type":"ListItem","position":2,"name":"Signature Consortium"}]},{"@type":"WebSite","@id":"https:\/\/www.banquesignature.ca\/#website","url":"https:\/\/www.banquesignature.ca\/","name":"Banque Signature","description":"","potentialAction":[{"@type":"SearchAction","target":{"@type":"EntryPoint","urlTemplate":"https:\/\/www.banquesignature.ca\/?s={search_term_string}"},"query-input":{"@type":"PropertyValueSpecification","valueRequired":true,"valueName":"search_term_string"}}],"inLanguage":"en-US"}]}},"_links":{"self":[{"href":"https:\/\/www.banquesignature.ca\/en\/wp-json\/wp\/v2\/pages\/2575","targetHints":{"allow":["GET"]}}],"collection":[{"href":"https:\/\/www.banquesignature.ca\/en\/wp-json\/wp\/v2\/pages"}],"about":[{"href":"https:\/\/www.banquesignature.ca\/en\/wp-json\/wp\/v2\/types\/page"}],"author":[{"embeddable":true,"href":"https:\/\/www.banquesignature.ca\/en\/wp-json\/wp\/v2\/users\/677"}],"replies":[{"embeddable":true,"href":"https:\/\/www.banquesignature.ca\/en\/wp-json\/wp\/v2\/comments?post=2575"}],"version-history":[{"count":4,"href":"https:\/\/www.banquesignature.ca\/en\/wp-json\/wp\/v2\/pages\/2575\/revisions"}],"predecessor-version":[{"id":3000,"href":"https:\/\/www.banquesignature.ca\/en\/wp-json\/wp\/v2\/pages\/2575\/revisions\/3000"}],"wp:attachment":[{"href":"https:\/\/www.banquesignature.ca\/en\/wp-json\/wp\/v2\/media?parent=2575"}],"curies":[{"name":"wp","href":"https:\/\/api.w.org\/{rel}","templated":true}]}}